{"id":782,"date":"2017-10-24T13:34:14","date_gmt":"2017-10-24T18:34:14","guid":{"rendered":"https:\/\/importenis.com\/?page_id=782"},"modified":"2024-05-30T13:45:58","modified_gmt":"2024-05-30T18:45:58","slug":"envio-y-entrega","status":"publish","type":"page","link":"https:\/\/saldousa.com\/?page_id=782","title":{"rendered":"Envi\u00f3 y entrega"},"content":{"rendered":"<h4 data-sp-element-selector=\".site-main h4\" data-sp-element-title=\"Heading - H4\"><strong>En cuanto tiempo recibir\u00e9 mi pedido?<\/strong><\/h4>\n<p>Nuestro compromiso es enviar tu pedido lo antes posible, una vez acreditado nuestro almac\u00e9n tarda de 24 a 48 hrs h\u00e1biles en realizar el envi\u00f3 a la paqueteria (No aplica en pedidos especiales) .<br \/>\nA partir de que entregamos tu paquete a Dhl, en el 97% de los casos, entregar\u00e1n tu paquete en los siguientes 8 d\u00edas h\u00e1biles (Aplica solo de Lunes a Viernes) En algunos c\u00f3digos postales mas retirados puede demorar un poco mas.<br \/>\nCuando tu producto sea enviado, se te notificara a tu correo electr\u00f3nico..<\/p>\n<h4 data-sp-element-selector=\".site-main h4\" data-sp-element-title=\"Heading - H4\"><strong>Cual es el costo de envi\u00f3?<\/strong><\/h4>\n<p>Cotiza el costo de envio con tu cp en cualquiera de nuestros medios de atencion a cliente.<\/p>\n<p><strong>Puedo recoger comprar directamente en alguna sucursal?<\/strong><\/p>\n<p>por pol\u00edticas de seguridad y para reducir costos y seguir manteniendo los precios bajos para usted solo contamos con envi\u00f3 directo desde nuestro almac\u00e9n principal a su destino una ves acreditado el pedido.<\/p>\n<h4 data-sp-element-selector=\".site-main h4\" data-sp-element-title=\"Heading - H4\"><strong>Que pasa si no hay nadie en mi domicilio cuando vengan a entregar mi pedido?<\/strong><\/h4>\n<p>Si no hay nadie con quien dejar el paquete Dhl visitar\u00e1 tu domicilio al siguiente d\u00eda h\u00e1bil en diferente horario para realizar la entrega, si la segunda vez tampoco encuentran nadie en el domicilio har\u00e1n una tercer visita al d\u00eda h\u00e1bil siguiente, si en \u00e9ste tampoco logran entregarte, dejaran tu pedido en la sucursal donde podr\u00e1s recogerlo en el horario de apertura de la sucursal. En este caso deber\u00e1s llevar tu identificaci\u00f3n oficial para que te entreguen.<\/p>\n","protected":false},"excerpt":{"rendered":"<p>En cuanto tiempo recibir\u00e9 mi pedido? Nuestro compromiso es enviar tu pedido lo antes posible, una vez acreditado nuestro almac\u00e9n tarda de 24 a 48 hrs h\u00e1biles en realizar el envi\u00f3 a la paqueteria (No aplica en pedidos especiales) . A partir de que entregamos tu paquete a Dhl, en el 97% de los casos, [&hellip;]<\/p>\n","protected":false},"author":1,"featured_media":0,"parent":0,"menu_order":0,"comment_status":"closed","ping_status":"closed","template":"","meta":[],"yoast_head":"<!-- This site is optimized with the Yoast SEO plugin v19.1 - https:\/\/yoast.com\/wordpress\/plugins\/seo\/ -->\n<title>Envi\u00f3 y entrega - Saldousa.com<\/title>\n<meta name=\"robots\" content=\"index, follow, max-snippet:-1, max-image-preview:large, max-video-preview:-1\" \/>\n<link rel=\"canonical\" href=\"https:\/\/saldousa.com\/?page_id=782\" \/>\n<meta property=\"og:locale\" content=\"es_ES\" \/>\n<meta property=\"og:type\" content=\"article\" \/>\n<meta property=\"og:title\" content=\"Envi\u00f3 y entrega - Saldousa.com\" \/>\n<meta property=\"og:description\" content=\"En cuanto tiempo recibir\u00e9 mi pedido? Nuestro compromiso es enviar tu pedido lo antes posible, una vez acreditado nuestro almac\u00e9n tarda de 24 a 48 hrs h\u00e1biles en realizar el envi\u00f3 a la paqueteria (No aplica en pedidos especiales) . A partir de que entregamos tu paquete a Dhl, en el 97% de los casos, [&hellip;]\" \/>\n<meta property=\"og:url\" content=\"https:\/\/saldousa.com\/?page_id=782\" \/>\n<meta property=\"og:site_name\" content=\"Saldousa.com\" \/>\n<meta property=\"article:modified_time\" content=\"2024-05-30T18:45:58+00:00\" \/>\n<meta name=\"twitter:card\" content=\"summary\" \/>\n<meta name=\"twitter:label1\" content=\"Tiempo de lectura\" \/>\n\t<meta name=\"twitter:data1\" content=\"2 minutos\" \/>\n<script type=\"application\/ld+json\" class=\"yoast-schema-graph\">{\"@context\":\"https:\/\/schema.org\",\"@graph\":[{\"@type\":\"WebSite\",\"@id\":\"https:\/\/saldousa.com\/#website\",\"url\":\"https:\/\/saldousa.com\/\",\"name\":\"Saldousa.com\",\"description\":\"Lotes de calzado deportivo tenis Mayorista de las mejores marcas\",\"potentialAction\":[{\"@type\":\"SearchAction\",\"target\":{\"@type\":\"EntryPoint\",\"urlTemplate\":\"https:\/\/saldousa.com\/?s={search_term_string}\"},\"query-input\":\"required name=search_term_string\"}],\"inLanguage\":\"es\"},{\"@type\":\"WebPage\",\"@id\":\"https:\/\/saldousa.com\/?page_id=782#webpage\",\"url\":\"https:\/\/saldousa.com\/?page_id=782\",\"name\":\"Envi\u00f3 y entrega - Saldousa.com\",\"isPartOf\":{\"@id\":\"https:\/\/saldousa.com\/#website\"},\"datePublished\":\"2017-10-24T18:34:14+00:00\",\"dateModified\":\"2024-05-30T18:45:58+00:00\",\"breadcrumb\":{\"@id\":\"https:\/\/saldousa.com\/?page_id=782#breadcrumb\"},\"inLanguage\":\"es\",\"potentialAction\":[{\"@type\":\"ReadAction\",\"target\":[\"https:\/\/saldousa.com\/?page_id=782\"]}]},{\"@type\":\"BreadcrumbList\",\"@id\":\"https:\/\/saldousa.com\/?page_id=782#breadcrumb\",\"itemListElement\":[{\"@type\":\"ListItem\",\"position\":1,\"name\":\"Portada\",\"item\":\"https:\/\/saldousa.com\/\"},{\"@type\":\"ListItem\",\"position\":2,\"name\":\"Envi\u00f3 y entrega\"}]}]}<\/script>\n<!-- \/ Yoast SEO plugin. -->","yoast_head_json":{"title":"Envi\u00f3 y entrega - Saldousa.com","robots":{"index":"index","follow":"follow","max-snippet":"max-snippet:-1","max-image-preview":"max-image-preview:large","max-video-preview":"max-video-preview:-1"},"canonical":"https:\/\/saldousa.com\/?page_id=782","og_locale":"es_ES","og_type":"article","og_title":"Envi\u00f3 y entrega - Saldousa.com","og_description":"En cuanto tiempo recibir\u00e9 mi pedido? Nuestro compromiso es enviar tu pedido lo antes posible, una vez acreditado nuestro almac\u00e9n tarda de 24 a 48 hrs h\u00e1biles en realizar el envi\u00f3 a la paqueteria (No aplica en pedidos especiales) . A partir de que entregamos tu paquete a Dhl, en el 97% de los casos, [&hellip;]","og_url":"https:\/\/saldousa.com\/?page_id=782","og_site_name":"Saldousa.com","article_modified_time":"2024-05-30T18:45:58+00:00","twitter_card":"summary","twitter_misc":{"Tiempo de lectura":"2 minutos"},"schema":{"@context":"https:\/\/schema.org","@graph":[{"@type":"WebSite","@id":"https:\/\/saldousa.com\/#website","url":"https:\/\/saldousa.com\/","name":"Saldousa.com","description":"Lotes de calzado deportivo tenis Mayorista de las mejores marcas","potentialAction":[{"@type":"SearchAction","target":{"@type":"EntryPoint","urlTemplate":"https:\/\/saldousa.com\/?s={search_term_string}"},"query-input":"required name=search_term_string"}],"inLanguage":"es"},{"@type":"WebPage","@id":"https:\/\/saldousa.com\/?page_id=782#webpage","url":"https:\/\/saldousa.com\/?page_id=782","name":"Envi\u00f3 y entrega - Saldousa.com","isPartOf":{"@id":"https:\/\/saldousa.com\/#website"},"datePublished":"2017-10-24T18:34:14+00:00","dateModified":"2024-05-30T18:45:58+00:00","breadcrumb":{"@id":"https:\/\/saldousa.com\/?page_id=782#breadcrumb"},"inLanguage":"es","potentialAction":[{"@type":"ReadAction","target":["https:\/\/saldousa.com\/?page_id=782"]}]},{"@type":"BreadcrumbList","@id":"https:\/\/saldousa.com\/?page_id=782#breadcrumb","itemListElement":[{"@type":"ListItem","position":1,"name":"Portada","item":"https:\/\/saldousa.com\/"},{"@type":"ListItem","position":2,"name":"Envi\u00f3 y entrega"}]}]}},"_links":{"self":[{"href":"https:\/\/saldousa.com\/index.php?rest_route=\/wp\/v2\/pages\/782"}],"collection":[{"href":"https:\/\/saldousa.com\/index.php?rest_route=\/wp\/v2\/pages"}],"about":[{"href":"https:\/\/saldousa.com\/index.php?rest_route=\/wp\/v2\/types\/page"}],"author":[{"embeddable":true,"href":"https:\/\/saldousa.com\/index.php?rest_route=\/wp\/v2\/users\/1"}],"replies":[{"embeddable":true,"href":"https:\/\/saldousa.com\/index.php?rest_route=%2Fwp%2Fv2%2Fcomments&post=782"}],"version-history":[{"count":0,"href":"https:\/\/saldousa.com\/index.php?rest_route=\/wp\/v2\/pages\/782\/revisions"}],"wp:attachment":[{"href":"https:\/\/saldousa.com\/index.php?rest_route=%2Fwp%2Fv2%2Fmedia&parent=782"}],"curies":[{"name":"wp","href":"https:\/\/api.w.org\/{rel}","templated":true}]}}