{"id":787,"date":"2017-10-24T13:35:19","date_gmt":"2017-10-24T18:35:19","guid":{"rendered":"https:\/\/importenis.com\/?page_id=787"},"modified":"2023-10-07T13:55:10","modified_gmt":"2023-10-07T18:55:10","slug":"metodos-de-pago","status":"publish","type":"page","link":"https:\/\/saldousa.com\/?page_id=787","title":{"rendered":"Metodos de pago"},"content":{"rendered":"<h4 data-sp-element-selector=\".site-main h4\" data-sp-element-title=\"Heading - H4\"><strong>Como puedo pagar mi pedido?<\/strong><\/h4>\n<p><b>Pago en Oxxo<\/b>\u00a0(S\u00f3lo pedidos de hasta 10 mil pesos): Selecciona esta opci\u00f3n al momento de hacer tu pedido y te llegar\u00e1 un c\u00f3digo a tu correo electr\u00f3nico, ve a cualquier Oxxo y d\u00edctale el numero al cajero, nosotros recibiremos la confirmaci\u00f3n de tu pago de manera inmediata por lo que no es necesario que nos env\u00edes el comprobante.<\/p>\n<p><strong>Pago por Paypal<\/strong> Realiza tu pago en linea con cargo a tarjeta de cr\u00e9dito o d\u00e9bito Visa, Master Card, American Express por medio de paypal<\/p>\n<p><strong>Pago por Transferencia electronica <\/strong>Realiza tu pago por medio de transferencia con cargo a tarjeta de cr\u00e9dito o d\u00e9bito Visa, Master Card, American Express<\/p>\n","protected":false},"excerpt":{"rendered":"<p>Como puedo pagar mi pedido? Pago en Oxxo\u00a0(S\u00f3lo pedidos de hasta 10 mil pesos): Selecciona esta opci\u00f3n al momento de hacer tu pedido y te llegar\u00e1 un c\u00f3digo a tu correo electr\u00f3nico, ve a cualquier Oxxo y d\u00edctale el numero al cajero, nosotros recibiremos la confirmaci\u00f3n de tu pago de manera inmediata por lo que [&hellip;]<\/p>\n","protected":false},"author":1,"featured_media":0,"parent":0,"menu_order":0,"comment_status":"closed","ping_status":"closed","template":"","meta":[],"yoast_head":"<!-- This site is optimized with the Yoast SEO plugin v19.1 - https:\/\/yoast.com\/wordpress\/plugins\/seo\/ -->\n<title>Metodos de pago - Saldousa.com<\/title>\n<meta name=\"robots\" content=\"index, follow, max-snippet:-1, max-image-preview:large, max-video-preview:-1\" \/>\n<link rel=\"canonical\" href=\"https:\/\/saldousa.com\/?page_id=787\" \/>\n<meta property=\"og:locale\" content=\"es_ES\" \/>\n<meta property=\"og:type\" content=\"article\" \/>\n<meta property=\"og:title\" content=\"Metodos de pago - Saldousa.com\" \/>\n<meta property=\"og:description\" content=\"Como puedo pagar mi pedido? Pago en Oxxo\u00a0(S\u00f3lo pedidos de hasta 10 mil pesos): Selecciona esta opci\u00f3n al momento de hacer tu pedido y te llegar\u00e1 un c\u00f3digo a tu correo electr\u00f3nico, ve a cualquier Oxxo y d\u00edctale el numero al cajero, nosotros recibiremos la confirmaci\u00f3n de tu pago de manera inmediata por lo que [&hellip;]\" \/>\n<meta property=\"og:url\" content=\"https:\/\/saldousa.com\/?page_id=787\" \/>\n<meta property=\"og:site_name\" content=\"Saldousa.com\" \/>\n<meta property=\"article:modified_time\" content=\"2023-10-07T18:55:10+00:00\" \/>\n<meta name=\"twitter:card\" content=\"summary\" \/>\n<meta name=\"twitter:label1\" content=\"Tiempo de lectura\" \/>\n\t<meta name=\"twitter:data1\" content=\"1 minuto\" \/>\n<script type=\"application\/ld+json\" class=\"yoast-schema-graph\">{\"@context\":\"https:\/\/schema.org\",\"@graph\":[{\"@type\":\"WebSite\",\"@id\":\"https:\/\/saldousa.com\/#website\",\"url\":\"https:\/\/saldousa.com\/\",\"name\":\"Saldousa.com\",\"description\":\"Lotes de calzado deportivo tenis Mayorista de las mejores marcas\",\"potentialAction\":[{\"@type\":\"SearchAction\",\"target\":{\"@type\":\"EntryPoint\",\"urlTemplate\":\"https:\/\/saldousa.com\/?s={search_term_string}\"},\"query-input\":\"required name=search_term_string\"}],\"inLanguage\":\"es\"},{\"@type\":\"WebPage\",\"@id\":\"https:\/\/saldousa.com\/?page_id=787#webpage\",\"url\":\"https:\/\/saldousa.com\/?page_id=787\",\"name\":\"Metodos de pago - Saldousa.com\",\"isPartOf\":{\"@id\":\"https:\/\/saldousa.com\/#website\"},\"datePublished\":\"2017-10-24T18:35:19+00:00\",\"dateModified\":\"2023-10-07T18:55:10+00:00\",\"breadcrumb\":{\"@id\":\"https:\/\/saldousa.com\/?page_id=787#breadcrumb\"},\"inLanguage\":\"es\",\"potentialAction\":[{\"@type\":\"ReadAction\",\"target\":[\"https:\/\/saldousa.com\/?page_id=787\"]}]},{\"@type\":\"BreadcrumbList\",\"@id\":\"https:\/\/saldousa.com\/?page_id=787#breadcrumb\",\"itemListElement\":[{\"@type\":\"ListItem\",\"position\":1,\"name\":\"Portada\",\"item\":\"https:\/\/saldousa.com\/\"},{\"@type\":\"ListItem\",\"position\":2,\"name\":\"Metodos de pago\"}]}]}<\/script>\n<!-- \/ Yoast SEO plugin. -->","yoast_head_json":{"title":"Metodos de pago - Saldousa.com","robots":{"index":"index","follow":"follow","max-snippet":"max-snippet:-1","max-image-preview":"max-image-preview:large","max-video-preview":"max-video-preview:-1"},"canonical":"https:\/\/saldousa.com\/?page_id=787","og_locale":"es_ES","og_type":"article","og_title":"Metodos de pago - Saldousa.com","og_description":"Como puedo pagar mi pedido? Pago en Oxxo\u00a0(S\u00f3lo pedidos de hasta 10 mil pesos): Selecciona esta opci\u00f3n al momento de hacer tu pedido y te llegar\u00e1 un c\u00f3digo a tu correo electr\u00f3nico, ve a cualquier Oxxo y d\u00edctale el numero al cajero, nosotros recibiremos la confirmaci\u00f3n de tu pago de manera inmediata por lo que [&hellip;]","og_url":"https:\/\/saldousa.com\/?page_id=787","og_site_name":"Saldousa.com","article_modified_time":"2023-10-07T18:55:10+00:00","twitter_card":"summary","twitter_misc":{"Tiempo de lectura":"1 minuto"},"schema":{"@context":"https:\/\/schema.org","@graph":[{"@type":"WebSite","@id":"https:\/\/saldousa.com\/#website","url":"https:\/\/saldousa.com\/","name":"Saldousa.com","description":"Lotes de calzado deportivo tenis Mayorista de las mejores marcas","potentialAction":[{"@type":"SearchAction","target":{"@type":"EntryPoint","urlTemplate":"https:\/\/saldousa.com\/?s={search_term_string}"},"query-input":"required name=search_term_string"}],"inLanguage":"es"},{"@type":"WebPage","@id":"https:\/\/saldousa.com\/?page_id=787#webpage","url":"https:\/\/saldousa.com\/?page_id=787","name":"Metodos de pago - Saldousa.com","isPartOf":{"@id":"https:\/\/saldousa.com\/#website"},"datePublished":"2017-10-24T18:35:19+00:00","dateModified":"2023-10-07T18:55:10+00:00","breadcrumb":{"@id":"https:\/\/saldousa.com\/?page_id=787#breadcrumb"},"inLanguage":"es","potentialAction":[{"@type":"ReadAction","target":["https:\/\/saldousa.com\/?page_id=787"]}]},{"@type":"BreadcrumbList","@id":"https:\/\/saldousa.com\/?page_id=787#breadcrumb","itemListElement":[{"@type":"ListItem","position":1,"name":"Portada","item":"https:\/\/saldousa.com\/"},{"@type":"ListItem","position":2,"name":"Metodos de pago"}]}]}},"_links":{"self":[{"href":"https:\/\/saldousa.com\/index.php?rest_route=\/wp\/v2\/pages\/787"}],"collection":[{"href":"https:\/\/saldousa.com\/index.php?rest_route=\/wp\/v2\/pages"}],"about":[{"href":"https:\/\/saldousa.com\/index.php?rest_route=\/wp\/v2\/types\/page"}],"author":[{"embeddable":true,"href":"https:\/\/saldousa.com\/index.php?rest_route=\/wp\/v2\/users\/1"}],"replies":[{"embeddable":true,"href":"https:\/\/saldousa.com\/index.php?rest_route=%2Fwp%2Fv2%2Fcomments&post=787"}],"version-history":[{"count":0,"href":"https:\/\/saldousa.com\/index.php?rest_route=\/wp\/v2\/pages\/787\/revisions"}],"wp:attachment":[{"href":"https:\/\/saldousa.com\/index.php?rest_route=%2Fwp%2Fv2%2Fmedia&parent=787"}],"curies":[{"name":"wp","href":"https:\/\/api.w.org\/{rel}","templated":true}]}}