{"id":795,"date":"2017-10-24T13:36:51","date_gmt":"2017-10-24T18:36:51","guid":{"rendered":"https:\/\/importenis.com\/?page_id=795"},"modified":"2023-10-07T13:53:19","modified_gmt":"2023-10-07T18:53:19","slug":"facturacion","status":"publish","type":"page","link":"https:\/\/saldousa.com\/?page_id=795","title":{"rendered":"Facturacion"},"content":{"rendered":"<h4 data-sp-element-selector=\".site-main h4\" data-sp-element-title=\"Heading - H4\"><strong>Como solicito factura de mi pedido?<\/strong><\/h4>\n<p>Una vez que realizaste tu pedido por favor env\u00edanos un correo con tu n\u00famero de pedido y datos fiscales a ventas@saldousa.com<br \/>\n<i><b>Recibir\u00e1s tu CFDI a la recepci\u00f3n\u00a0de tu pedido<\/b><\/i><\/p>\n","protected":false},"excerpt":{"rendered":"<p>Como solicito factura de mi pedido? Una vez que realizaste tu pedido por favor env\u00edanos un correo con tu n\u00famero de pedido y datos fiscales a ventas@saldousa.com Recibir\u00e1s tu CFDI a la recepci\u00f3n\u00a0de tu pedido<\/p>\n","protected":false},"author":1,"featured_media":0,"parent":0,"menu_order":0,"comment_status":"closed","ping_status":"closed","template":"","meta":[],"yoast_head":"<!-- This site is optimized with the Yoast SEO plugin v19.1 - https:\/\/yoast.com\/wordpress\/plugins\/seo\/ -->\n<title>Facturacion - Saldousa.com<\/title>\n<meta name=\"robots\" content=\"index, follow, max-snippet:-1, max-image-preview:large, max-video-preview:-1\" \/>\n<link rel=\"canonical\" href=\"https:\/\/saldousa.com\/?page_id=795\" \/>\n<meta property=\"og:locale\" content=\"es_ES\" \/>\n<meta property=\"og:type\" content=\"article\" \/>\n<meta property=\"og:title\" content=\"Facturacion - Saldousa.com\" \/>\n<meta property=\"og:description\" content=\"Como solicito factura de mi pedido? Una vez que realizaste tu pedido por favor env\u00edanos un correo con tu n\u00famero de pedido y datos fiscales a ventas@saldousa.com Recibir\u00e1s tu CFDI a la recepci\u00f3n\u00a0de tu pedido\" \/>\n<meta property=\"og:url\" content=\"https:\/\/saldousa.com\/?page_id=795\" \/>\n<meta property=\"og:site_name\" content=\"Saldousa.com\" \/>\n<meta property=\"article:modified_time\" content=\"2023-10-07T18:53:19+00:00\" \/>\n<meta name=\"twitter:card\" content=\"summary\" \/>\n<meta name=\"twitter:label1\" content=\"Tiempo de lectura\" \/>\n\t<meta name=\"twitter:data1\" content=\"1 minuto\" \/>\n<script type=\"application\/ld+json\" class=\"yoast-schema-graph\">{\"@context\":\"https:\/\/schema.org\",\"@graph\":[{\"@type\":\"WebSite\",\"@id\":\"https:\/\/saldousa.com\/#website\",\"url\":\"https:\/\/saldousa.com\/\",\"name\":\"Saldousa.com\",\"description\":\"Lotes de calzado deportivo tenis Mayorista de las mejores marcas\",\"potentialAction\":[{\"@type\":\"SearchAction\",\"target\":{\"@type\":\"EntryPoint\",\"urlTemplate\":\"https:\/\/saldousa.com\/?s={search_term_string}\"},\"query-input\":\"required name=search_term_string\"}],\"inLanguage\":\"es\"},{\"@type\":\"WebPage\",\"@id\":\"https:\/\/saldousa.com\/?page_id=795#webpage\",\"url\":\"https:\/\/saldousa.com\/?page_id=795\",\"name\":\"Facturacion - Saldousa.com\",\"isPartOf\":{\"@id\":\"https:\/\/saldousa.com\/#website\"},\"datePublished\":\"2017-10-24T18:36:51+00:00\",\"dateModified\":\"2023-10-07T18:53:19+00:00\",\"breadcrumb\":{\"@id\":\"https:\/\/saldousa.com\/?page_id=795#breadcrumb\"},\"inLanguage\":\"es\",\"potentialAction\":[{\"@type\":\"ReadAction\",\"target\":[\"https:\/\/saldousa.com\/?page_id=795\"]}]},{\"@type\":\"BreadcrumbList\",\"@id\":\"https:\/\/saldousa.com\/?page_id=795#breadcrumb\",\"itemListElement\":[{\"@type\":\"ListItem\",\"position\":1,\"name\":\"Portada\",\"item\":\"https:\/\/saldousa.com\/\"},{\"@type\":\"ListItem\",\"position\":2,\"name\":\"Facturacion\"}]}]}<\/script>\n<!-- \/ Yoast SEO plugin. -->","yoast_head_json":{"title":"Facturacion - Saldousa.com","robots":{"index":"index","follow":"follow","max-snippet":"max-snippet:-1","max-image-preview":"max-image-preview:large","max-video-preview":"max-video-preview:-1"},"canonical":"https:\/\/saldousa.com\/?page_id=795","og_locale":"es_ES","og_type":"article","og_title":"Facturacion - Saldousa.com","og_description":"Como solicito factura de mi pedido? Una vez que realizaste tu pedido por favor env\u00edanos un correo con tu n\u00famero de pedido y datos fiscales a ventas@saldousa.com Recibir\u00e1s tu CFDI a la recepci\u00f3n\u00a0de tu pedido","og_url":"https:\/\/saldousa.com\/?page_id=795","og_site_name":"Saldousa.com","article_modified_time":"2023-10-07T18:53:19+00:00","twitter_card":"summary","twitter_misc":{"Tiempo de lectura":"1 minuto"},"schema":{"@context":"https:\/\/schema.org","@graph":[{"@type":"WebSite","@id":"https:\/\/saldousa.com\/#website","url":"https:\/\/saldousa.com\/","name":"Saldousa.com","description":"Lotes de calzado deportivo tenis Mayorista de las mejores marcas","potentialAction":[{"@type":"SearchAction","target":{"@type":"EntryPoint","urlTemplate":"https:\/\/saldousa.com\/?s={search_term_string}"},"query-input":"required name=search_term_string"}],"inLanguage":"es"},{"@type":"WebPage","@id":"https:\/\/saldousa.com\/?page_id=795#webpage","url":"https:\/\/saldousa.com\/?page_id=795","name":"Facturacion - Saldousa.com","isPartOf":{"@id":"https:\/\/saldousa.com\/#website"},"datePublished":"2017-10-24T18:36:51+00:00","dateModified":"2023-10-07T18:53:19+00:00","breadcrumb":{"@id":"https:\/\/saldousa.com\/?page_id=795#breadcrumb"},"inLanguage":"es","potentialAction":[{"@type":"ReadAction","target":["https:\/\/saldousa.com\/?page_id=795"]}]},{"@type":"BreadcrumbList","@id":"https:\/\/saldousa.com\/?page_id=795#breadcrumb","itemListElement":[{"@type":"ListItem","position":1,"name":"Portada","item":"https:\/\/saldousa.com\/"},{"@type":"ListItem","position":2,"name":"Facturacion"}]}]}},"_links":{"self":[{"href":"https:\/\/saldousa.com\/index.php?rest_route=\/wp\/v2\/pages\/795"}],"collection":[{"href":"https:\/\/saldousa.com\/index.php?rest_route=\/wp\/v2\/pages"}],"about":[{"href":"https:\/\/saldousa.com\/index.php?rest_route=\/wp\/v2\/types\/page"}],"author":[{"embeddable":true,"href":"https:\/\/saldousa.com\/index.php?rest_route=\/wp\/v2\/users\/1"}],"replies":[{"embeddable":true,"href":"https:\/\/saldousa.com\/index.php?rest_route=%2Fwp%2Fv2%2Fcomments&post=795"}],"version-history":[{"count":0,"href":"https:\/\/saldousa.com\/index.php?rest_route=\/wp\/v2\/pages\/795\/revisions"}],"wp:attachment":[{"href":"https:\/\/saldousa.com\/index.php?rest_route=%2Fwp%2Fv2%2Fmedia&parent=795"}],"curies":[{"name":"wp","href":"https:\/\/api.w.org\/{rel}","templated":true}]}}