{"id":510,"date":"2017-10-22T02:37:17","date_gmt":"2017-10-22T07:37:17","guid":{"rendered":"https:\/\/importenis.com\/?post_type=product&#038;p=510"},"modified":"2024-10-22T13:32:34","modified_gmt":"2024-10-22T18:32:34","slug":"paquete-50-pares-tenis-nike-jordan","status":"publish","type":"product","link":"https:\/\/saldousa.com\/?product=paquete-50-pares-tenis-nike-jordan","title":{"rendered":"Lote de 50 pares de tenis nike y jordan"},"content":{"rendered":"<p>Lote de 50 pares de tenis nuevos marca: nike y jordan (originales) Moda deportiva modelos actuales. Obt\u00e9n envi\u00f3 gratis sin cargo adicional a todo M\u00e9xico con garant\u00eda de entrega a domicilio.<\/p>\n","protected":false},"excerpt":{"rendered":"<p>Lote de 50 pares de tenis nuevos marca: nike y jordan (originales) Moda deportiva modelos actuales. Obt\u00e9n envi\u00f3 gratis sin cargo adicional a todo M\u00e9xico con garant\u00eda de entrega a domicilio.<\/p>\n","protected":false},"featured_media":3662,"comment_status":"open","ping_status":"closed","template":"","meta":[],"product_cat":[122],"product_tag":[98,31,105,53],"yoast_head":"<!-- This site is optimized with the Yoast SEO plugin v19.1 - https:\/\/yoast.com\/wordpress\/plugins\/seo\/ -->\n<title>Lote de 50 pares de tenis nike y jordan - Saldousa.com<\/title>\n<meta name=\"robots\" content=\"index, follow, max-snippet:-1, max-image-preview:large, max-video-preview:-1\" \/>\n<link rel=\"canonical\" href=\"https:\/\/saldousa.com\/?product=paquete-50-pares-tenis-nike-jordan\" \/>\n<meta property=\"og:locale\" content=\"es_ES\" \/>\n<meta property=\"og:type\" content=\"article\" \/>\n<meta property=\"og:title\" content=\"Lote de 50 pares de tenis nike y jordan - Saldousa.com\" \/>\n<meta property=\"og:description\" content=\"Lote de 50 pares de tenis nuevos marca: nike y jordan (originales) Moda deportiva modelos actuales. Obt\u00e9n envi\u00f3 gratis sin cargo adicional a todo M\u00e9xico con garant\u00eda de entrega a domicilio.\" \/>\n<meta property=\"og:url\" content=\"https:\/\/saldousa.com\/?product=paquete-50-pares-tenis-nike-jordan\" \/>\n<meta property=\"og:site_name\" content=\"Saldousa.com\" \/>\n<meta property=\"article:modified_time\" content=\"2024-10-22T18:32:34+00:00\" \/>\n<meta property=\"og:image\" content=\"https:\/\/saldousa.com\/wp-content\/uploads\/2017\/10\/s-l1600-87002-03-1024x697.png\" \/>\n\t<meta property=\"og:image:width\" content=\"1024\" \/>\n\t<meta property=\"og:image:height\" content=\"697\" \/>\n\t<meta property=\"og:image:type\" content=\"image\/png\" \/>\n<meta name=\"twitter:card\" content=\"summary\" \/>\n<script type=\"application\/ld+json\" class=\"yoast-schema-graph\">{\"@context\":\"https:\/\/schema.org\",\"@graph\":[{\"@type\":\"WebSite\",\"@id\":\"https:\/\/saldousa.com\/#website\",\"url\":\"https:\/\/saldousa.com\/\",\"name\":\"Saldousa.com\",\"description\":\"Lotes de calzado deportivo tenis Mayorista de las mejores marcas\",\"potentialAction\":[{\"@type\":\"SearchAction\",\"target\":{\"@type\":\"EntryPoint\",\"urlTemplate\":\"https:\/\/saldousa.com\/?s={search_term_string}\"},\"query-input\":\"required name=search_term_string\"}],\"inLanguage\":\"es\"},{\"@type\":\"ImageObject\",\"inLanguage\":\"es\",\"@id\":\"https:\/\/saldousa.com\/?product=paquete-50-pares-tenis-nike-jordan#primaryimage\",\"url\":\"https:\/\/saldousa.com\/wp-content\/uploads\/2017\/10\/s-l1600-87002-03.png\",\"contentUrl\":\"https:\/\/saldousa.com\/wp-content\/uploads\/2017\/10\/s-l1600-87002-03.png\",\"width\":2352,\"height\":1600},{\"@type\":\"WebPage\",\"@id\":\"https:\/\/saldousa.com\/?product=paquete-50-pares-tenis-nike-jordan#webpage\",\"url\":\"https:\/\/saldousa.com\/?product=paquete-50-pares-tenis-nike-jordan\",\"name\":\"Lote de 50 pares de tenis nike y jordan - Saldousa.com\",\"isPartOf\":{\"@id\":\"https:\/\/saldousa.com\/#website\"},\"primaryImageOfPage\":{\"@id\":\"https:\/\/saldousa.com\/?product=paquete-50-pares-tenis-nike-jordan#primaryimage\"},\"datePublished\":\"2017-10-22T07:37:17+00:00\",\"dateModified\":\"2024-10-22T18:32:34+00:00\",\"breadcrumb\":{\"@id\":\"https:\/\/saldousa.com\/?product=paquete-50-pares-tenis-nike-jordan#breadcrumb\"},\"inLanguage\":\"es\",\"potentialAction\":[{\"@type\":\"ReadAction\",\"target\":[\"https:\/\/saldousa.com\/?product=paquete-50-pares-tenis-nike-jordan\"]}]},{\"@type\":\"BreadcrumbList\",\"@id\":\"https:\/\/saldousa.com\/?product=paquete-50-pares-tenis-nike-jordan#breadcrumb\",\"itemListElement\":[{\"@type\":\"ListItem\",\"position\":1,\"name\":\"Portada\",\"item\":\"https:\/\/saldousa.com\/\"},{\"@type\":\"ListItem\",\"position\":2,\"name\":\"\",\"item\":\"https:\/\/saldousa.com\/?page_id=4\"},{\"@type\":\"ListItem\",\"position\":3,\"name\":\"Lote de 50 pares de tenis nike y jordan\"}]}]}<\/script>\n<!-- \/ Yoast SEO plugin. -->","yoast_head_json":{"title":"Lote de 50 pares de tenis nike y jordan - Saldousa.com","robots":{"index":"index","follow":"follow","max-snippet":"max-snippet:-1","max-image-preview":"max-image-preview:large","max-video-preview":"max-video-preview:-1"},"canonical":"https:\/\/saldousa.com\/?product=paquete-50-pares-tenis-nike-jordan","og_locale":"es_ES","og_type":"article","og_title":"Lote de 50 pares de tenis nike y jordan - Saldousa.com","og_description":"Lote de 50 pares de tenis nuevos marca: nike y jordan (originales) Moda deportiva modelos actuales. Obt\u00e9n envi\u00f3 gratis sin cargo adicional a todo M\u00e9xico con garant\u00eda de entrega a domicilio.","og_url":"https:\/\/saldousa.com\/?product=paquete-50-pares-tenis-nike-jordan","og_site_name":"Saldousa.com","article_modified_time":"2024-10-22T18:32:34+00:00","og_image":[{"width":1024,"height":697,"url":"https:\/\/saldousa.com\/wp-content\/uploads\/2017\/10\/s-l1600-87002-03-1024x697.png","type":"image\/png"}],"twitter_card":"summary","schema":{"@context":"https:\/\/schema.org","@graph":[{"@type":"WebSite","@id":"https:\/\/saldousa.com\/#website","url":"https:\/\/saldousa.com\/","name":"Saldousa.com","description":"Lotes de calzado deportivo tenis Mayorista de las mejores marcas","potentialAction":[{"@type":"SearchAction","target":{"@type":"EntryPoint","urlTemplate":"https:\/\/saldousa.com\/?s={search_term_string}"},"query-input":"required name=search_term_string"}],"inLanguage":"es"},{"@type":"ImageObject","inLanguage":"es","@id":"https:\/\/saldousa.com\/?product=paquete-50-pares-tenis-nike-jordan#primaryimage","url":"https:\/\/saldousa.com\/wp-content\/uploads\/2017\/10\/s-l1600-87002-03.png","contentUrl":"https:\/\/saldousa.com\/wp-content\/uploads\/2017\/10\/s-l1600-87002-03.png","width":2352,"height":1600},{"@type":"WebPage","@id":"https:\/\/saldousa.com\/?product=paquete-50-pares-tenis-nike-jordan#webpage","url":"https:\/\/saldousa.com\/?product=paquete-50-pares-tenis-nike-jordan","name":"Lote de 50 pares de tenis nike y jordan - Saldousa.com","isPartOf":{"@id":"https:\/\/saldousa.com\/#website"},"primaryImageOfPage":{"@id":"https:\/\/saldousa.com\/?product=paquete-50-pares-tenis-nike-jordan#primaryimage"},"datePublished":"2017-10-22T07:37:17+00:00","dateModified":"2024-10-22T18:32:34+00:00","breadcrumb":{"@id":"https:\/\/saldousa.com\/?product=paquete-50-pares-tenis-nike-jordan#breadcrumb"},"inLanguage":"es","potentialAction":[{"@type":"ReadAction","target":["https:\/\/saldousa.com\/?product=paquete-50-pares-tenis-nike-jordan"]}]},{"@type":"BreadcrumbList","@id":"https:\/\/saldousa.com\/?product=paquete-50-pares-tenis-nike-jordan#breadcrumb","itemListElement":[{"@type":"ListItem","position":1,"name":"Portada","item":"https:\/\/saldousa.com\/"},{"@type":"ListItem","position":2,"name":"","item":"https:\/\/saldousa.com\/?page_id=4"},{"@type":"ListItem","position":3,"name":"Lote de 50 pares de tenis nike y jordan"}]}]}},"_links":{"self":[{"href":"https:\/\/saldousa.com\/index.php?rest_route=\/wp\/v2\/product\/510"}],"collection":[{"href":"https:\/\/saldousa.com\/index.php?rest_route=\/wp\/v2\/product"}],"about":[{"href":"https:\/\/saldousa.com\/index.php?rest_route=\/wp\/v2\/types\/product"}],"replies":[{"embeddable":true,"href":"https:\/\/saldousa.com\/index.php?rest_route=%2Fwp%2Fv2%2Fcomments&post=510"}],"wp:featuredmedia":[{"embeddable":true,"href":"https:\/\/saldousa.com\/index.php?rest_route=\/wp\/v2\/media\/3662"}],"wp:attachment":[{"href":"https:\/\/saldousa.com\/index.php?rest_route=%2Fwp%2Fv2%2Fmedia&parent=510"}],"wp:term":[{"taxonomy":"product_cat","embeddable":true,"href":"https:\/\/saldousa.com\/index.php?rest_route=%2Fwp%2Fv2%2Fproduct_cat&post=510"},{"taxonomy":"product_tag","embeddable":true,"href":"https:\/\/saldousa.com\/index.php?rest_route=%2Fwp%2Fv2%2Fproduct_tag&post=510"}],"curies":[{"name":"wp","href":"https:\/\/api.w.org\/{rel}","templated":true}]}}