{"id":996,"date":"2018-01-25T21:19:54","date_gmt":"2018-01-26T02:19:54","guid":{"rendered":"https:\/\/importenis.com\/?post_type=product&#038;p=996"},"modified":"2024-06-01T22:33:32","modified_gmt":"2024-06-02T03:33:32","slug":"paquete-50-pares-tenis-marca-converse","status":"publish","type":"product","link":"https:\/\/saldousa.com\/?product=paquete-50-pares-tenis-marca-converse","title":{"rendered":"Lote de 50 pares de tenis marca Converse"},"content":{"rendered":"<p>Lote de 50 pares de tenis nuevos marca: Converse (originales) Moda deportiva modelos actuales. Obt\u00e9n envi\u00f3 gratis sin cargo adicional a todo M\u00e9xico con garant\u00eda de entrega a domicilio.<\/p>\n<p>&nbsp;<\/p>\n","protected":false},"excerpt":{"rendered":"<p>Lote de 50 pares de tenis nuevos marca: Converse (originales) Moda deportiva modelos actuales. Obt\u00e9n envi\u00f3 gratis sin cargo adicional a todo M\u00e9xico con garant\u00eda de entrega a domicilio. &nbsp;<\/p>\n","protected":false},"featured_media":3594,"comment_status":"open","ping_status":"closed","template":"","meta":[],"product_cat":[122],"product_tag":[109,107,108],"yoast_head":"<!-- This site is optimized with the Yoast SEO plugin v19.1 - https:\/\/yoast.com\/wordpress\/plugins\/seo\/ -->\n<title>Lote de 50 pares de tenis marca Converse - Saldousa.com<\/title>\n<meta name=\"robots\" content=\"index, follow, max-snippet:-1, max-image-preview:large, max-video-preview:-1\" \/>\n<link rel=\"canonical\" href=\"https:\/\/saldousa.com\/?product=paquete-50-pares-tenis-marca-converse\" \/>\n<meta property=\"og:locale\" content=\"es_ES\" \/>\n<meta property=\"og:type\" content=\"article\" \/>\n<meta property=\"og:title\" content=\"Lote de 50 pares de tenis marca Converse - Saldousa.com\" \/>\n<meta property=\"og:description\" content=\"Lote de 50 pares de tenis nuevos marca: Converse (originales) Moda deportiva modelos actuales. Obt\u00e9n envi\u00f3 gratis sin cargo adicional a todo M\u00e9xico con garant\u00eda de entrega a domicilio. &nbsp;\" \/>\n<meta property=\"og:url\" content=\"https:\/\/saldousa.com\/?product=paquete-50-pares-tenis-marca-converse\" \/>\n<meta property=\"og:site_name\" content=\"Saldousa.com\" \/>\n<meta property=\"article:modified_time\" content=\"2024-06-02T03:33:32+00:00\" \/>\n<meta property=\"og:image\" content=\"https:\/\/saldousa.com\/wp-content\/uploads\/2018\/01\/s-l1600-22L.png\" \/>\n\t<meta property=\"og:image:width\" content=\"1000\" \/>\n\t<meta property=\"og:image:height\" content=\"614\" \/>\n\t<meta property=\"og:image:type\" content=\"image\/png\" \/>\n<meta name=\"twitter:card\" content=\"summary\" \/>\n<script type=\"application\/ld+json\" class=\"yoast-schema-graph\">{\"@context\":\"https:\/\/schema.org\",\"@graph\":[{\"@type\":\"WebSite\",\"@id\":\"https:\/\/saldousa.com\/#website\",\"url\":\"https:\/\/saldousa.com\/\",\"name\":\"Saldousa.com\",\"description\":\"Lotes de calzado deportivo tenis Mayorista de las mejores marcas\",\"potentialAction\":[{\"@type\":\"SearchAction\",\"target\":{\"@type\":\"EntryPoint\",\"urlTemplate\":\"https:\/\/saldousa.com\/?s={search_term_string}\"},\"query-input\":\"required name=search_term_string\"}],\"inLanguage\":\"es\"},{\"@type\":\"ImageObject\",\"inLanguage\":\"es\",\"@id\":\"https:\/\/saldousa.com\/?product=paquete-50-pares-tenis-marca-converse#primaryimage\",\"url\":\"https:\/\/saldousa.com\/wp-content\/uploads\/2018\/01\/s-l1600-22L.png\",\"contentUrl\":\"https:\/\/saldousa.com\/wp-content\/uploads\/2018\/01\/s-l1600-22L.png\",\"width\":1000,\"height\":614},{\"@type\":\"WebPage\",\"@id\":\"https:\/\/saldousa.com\/?product=paquete-50-pares-tenis-marca-converse#webpage\",\"url\":\"https:\/\/saldousa.com\/?product=paquete-50-pares-tenis-marca-converse\",\"name\":\"Lote de 50 pares de tenis marca Converse - Saldousa.com\",\"isPartOf\":{\"@id\":\"https:\/\/saldousa.com\/#website\"},\"primaryImageOfPage\":{\"@id\":\"https:\/\/saldousa.com\/?product=paquete-50-pares-tenis-marca-converse#primaryimage\"},\"datePublished\":\"2018-01-26T02:19:54+00:00\",\"dateModified\":\"2024-06-02T03:33:32+00:00\",\"breadcrumb\":{\"@id\":\"https:\/\/saldousa.com\/?product=paquete-50-pares-tenis-marca-converse#breadcrumb\"},\"inLanguage\":\"es\",\"potentialAction\":[{\"@type\":\"ReadAction\",\"target\":[\"https:\/\/saldousa.com\/?product=paquete-50-pares-tenis-marca-converse\"]}]},{\"@type\":\"BreadcrumbList\",\"@id\":\"https:\/\/saldousa.com\/?product=paquete-50-pares-tenis-marca-converse#breadcrumb\",\"itemListElement\":[{\"@type\":\"ListItem\",\"position\":1,\"name\":\"Portada\",\"item\":\"https:\/\/saldousa.com\/\"},{\"@type\":\"ListItem\",\"position\":2,\"name\":\"\",\"item\":\"https:\/\/saldousa.com\/?page_id=4\"},{\"@type\":\"ListItem\",\"position\":3,\"name\":\"Lote de 50 pares de tenis marca Converse\"}]}]}<\/script>\n<!-- \/ Yoast SEO plugin. -->","yoast_head_json":{"title":"Lote de 50 pares de tenis marca Converse - Saldousa.com","robots":{"index":"index","follow":"follow","max-snippet":"max-snippet:-1","max-image-preview":"max-image-preview:large","max-video-preview":"max-video-preview:-1"},"canonical":"https:\/\/saldousa.com\/?product=paquete-50-pares-tenis-marca-converse","og_locale":"es_ES","og_type":"article","og_title":"Lote de 50 pares de tenis marca Converse - Saldousa.com","og_description":"Lote de 50 pares de tenis nuevos marca: Converse (originales) Moda deportiva modelos actuales. Obt\u00e9n envi\u00f3 gratis sin cargo adicional a todo M\u00e9xico con garant\u00eda de entrega a domicilio. &nbsp;","og_url":"https:\/\/saldousa.com\/?product=paquete-50-pares-tenis-marca-converse","og_site_name":"Saldousa.com","article_modified_time":"2024-06-02T03:33:32+00:00","og_image":[{"width":1000,"height":614,"url":"https:\/\/saldousa.com\/wp-content\/uploads\/2018\/01\/s-l1600-22L.png","type":"image\/png"}],"twitter_card":"summary","schema":{"@context":"https:\/\/schema.org","@graph":[{"@type":"WebSite","@id":"https:\/\/saldousa.com\/#website","url":"https:\/\/saldousa.com\/","name":"Saldousa.com","description":"Lotes de calzado deportivo tenis Mayorista de las mejores marcas","potentialAction":[{"@type":"SearchAction","target":{"@type":"EntryPoint","urlTemplate":"https:\/\/saldousa.com\/?s={search_term_string}"},"query-input":"required name=search_term_string"}],"inLanguage":"es"},{"@type":"ImageObject","inLanguage":"es","@id":"https:\/\/saldousa.com\/?product=paquete-50-pares-tenis-marca-converse#primaryimage","url":"https:\/\/saldousa.com\/wp-content\/uploads\/2018\/01\/s-l1600-22L.png","contentUrl":"https:\/\/saldousa.com\/wp-content\/uploads\/2018\/01\/s-l1600-22L.png","width":1000,"height":614},{"@type":"WebPage","@id":"https:\/\/saldousa.com\/?product=paquete-50-pares-tenis-marca-converse#webpage","url":"https:\/\/saldousa.com\/?product=paquete-50-pares-tenis-marca-converse","name":"Lote de 50 pares de tenis marca Converse - Saldousa.com","isPartOf":{"@id":"https:\/\/saldousa.com\/#website"},"primaryImageOfPage":{"@id":"https:\/\/saldousa.com\/?product=paquete-50-pares-tenis-marca-converse#primaryimage"},"datePublished":"2018-01-26T02:19:54+00:00","dateModified":"2024-06-02T03:33:32+00:00","breadcrumb":{"@id":"https:\/\/saldousa.com\/?product=paquete-50-pares-tenis-marca-converse#breadcrumb"},"inLanguage":"es","potentialAction":[{"@type":"ReadAction","target":["https:\/\/saldousa.com\/?product=paquete-50-pares-tenis-marca-converse"]}]},{"@type":"BreadcrumbList","@id":"https:\/\/saldousa.com\/?product=paquete-50-pares-tenis-marca-converse#breadcrumb","itemListElement":[{"@type":"ListItem","position":1,"name":"Portada","item":"https:\/\/saldousa.com\/"},{"@type":"ListItem","position":2,"name":"","item":"https:\/\/saldousa.com\/?page_id=4"},{"@type":"ListItem","position":3,"name":"Lote de 50 pares de tenis marca Converse"}]}]}},"_links":{"self":[{"href":"https:\/\/saldousa.com\/index.php?rest_route=\/wp\/v2\/product\/996"}],"collection":[{"href":"https:\/\/saldousa.com\/index.php?rest_route=\/wp\/v2\/product"}],"about":[{"href":"https:\/\/saldousa.com\/index.php?rest_route=\/wp\/v2\/types\/product"}],"replies":[{"embeddable":true,"href":"https:\/\/saldousa.com\/index.php?rest_route=%2Fwp%2Fv2%2Fcomments&post=996"}],"wp:featuredmedia":[{"embeddable":true,"href":"https:\/\/saldousa.com\/index.php?rest_route=\/wp\/v2\/media\/3594"}],"wp:attachment":[{"href":"https:\/\/saldousa.com\/index.php?rest_route=%2Fwp%2Fv2%2Fmedia&parent=996"}],"wp:term":[{"taxonomy":"product_cat","embeddable":true,"href":"https:\/\/saldousa.com\/index.php?rest_route=%2Fwp%2Fv2%2Fproduct_cat&post=996"},{"taxonomy":"product_tag","embeddable":true,"href":"https:\/\/saldousa.com\/index.php?rest_route=%2Fwp%2Fv2%2Fproduct_tag&post=996"}],"curies":[{"name":"wp","href":"https:\/\/api.w.org\/{rel}","templated":true}]}}